{"id":1690,"date":"2025-06-03T04:06:33","date_gmt":"2025-06-03T04:06:33","guid":{"rendered":"https:\/\/demo2wpopal.b-cdn.net\/framek\/?page_id=1690"},"modified":"2025-07-20T10:55:26","modified_gmt":"2025-07-20T10:55:26","slug":"clients","status":"publish","type":"page","link":"https:\/\/chili-house.com\/en\/clients\/","title":{"rendered":"Klient\u00ebt Tan\u00eb"},"content":{"rendered":"\t\t<div data-elementor-type=\"wp-page\" data-elementor-id=\"1690\" class=\"elementor elementor-1690\">\n\t\t\t\t<div class=\"elementor-element elementor-element-6ac33bc e-flex e-con-boxed e-con e-parent\" data-id=\"6ac33bc\" data-element_type=\"container\" data-e-type=\"container\" data-settings=\"{&quot;background_background&quot;:&quot;classic&quot;,&quot;background_motion_fx_motion_fx_scrolling&quot;:&quot;yes&quot;,&quot;background_motion_fx_translateY_effect&quot;:&quot;yes&quot;,&quot;background_motion_fx_translateY_speed&quot;:{&quot;unit&quot;:&quot;px&quot;,&quot;size&quot;:5,&quot;sizes&quot;:[]},&quot;background_motion_fx_devices&quot;:[&quot;desktop&quot;,&quot;laptop&quot;,&quot;tablet_extra&quot;],&quot;background_motion_fx_translateY_affectedRange&quot;:{&quot;unit&quot;:&quot;%&quot;,&quot;size&quot;:&quot;&quot;,&quot;sizes&quot;:{&quot;start&quot;:0,&quot;end&quot;:100}}}\">\n\t\t\t\t\t<div class=\"e-con-inner\">\n\t\t<div class=\"elementor-element elementor-element-fc4436c e-con-full e-flex e-con e-child\" data-id=\"fc4436c\" data-element_type=\"container\" data-e-type=\"container\">\n\t\t\t\t<div class=\"elementor-element elementor-element-bb6ecc5 hidden-framek-list-item-yes elementor-widget elementor-widget-framek-breadcrumb\" data-id=\"bb6ecc5\" data-element_type=\"widget\" data-e-type=\"widget\" data-widget_type=\"framek-breadcrumb.default\">\n\t\t\t\t<div class=\"elementor-widget-container\">\n\t\t\t\t\t        <div class=\"breadcrumb\" typeof=\"BreadcrumbList\" vocab=\"https:\/\/schema.org\/\">\n                                <h1 class=\"framek-title\"><\/h1>\n                    <div class=\"breadcrumb-listItem\"><span property=\"itemListElement\" typeof=\"ListItem\"><a property=\"item\" typeof=\"WebPage\" title=\"Go to Home.\" href=\"https:\/\/chili-house.com\/en\" class=\"home\" ><span property=\"name\">Home<\/span><\/a><meta property=\"position\" content=\"1\"><\/span> &gt; <span property=\"itemListElement\" typeof=\"ListItem\"><a property=\"item\" typeof=\"WebPage\" title=\"Go to Blog.\" href=\"https:\/\/chili-house.com\/en\/blog\/\" class=\"post-root post post-post\" aria-current=\"page\"><span property=\"name\">Blog<\/span><\/a><meta property=\"position\" content=\"2\"><\/span><\/div>        <\/div>\n        \t\t\t\t<\/div>\n\t\t\t\t<\/div>\n\t\t\t\t<div class=\"elementor-element elementor-element-0503c28 elementor-align-right elementor-mobile-align-left enable-style-icon-yes elementor-button-type-default elementor-widget elementor-widget-framek-button\" data-id=\"0503c28\" data-element_type=\"widget\" data-e-type=\"widget\" data-widget_type=\"framek-button.default\">\n\t\t\t\t<div class=\"elementor-widget-container\">\n\t\t\t\t\t        <div class=\"elementor-button-wrapper\">\n            <a href=\"\/projects\" class=\"elementor-button-link elementor-button elementor-size-sm\" role=\"button\">\n                        <span class=\"elementor-button-content-wrapper\">\n\n            <span class=\"elementor-button-text\" data-name=\"Projektet\">\n                <span>Projektet<\/span>\n            <\/span>\n\t\t<\/span>\n                <i aria-hidden=\"true\" class=\"framek-icon- framek-icon-chevron-right\"><\/i>                             <\/a>\n        <\/div>\n        \t\t\t\t<\/div>\n\t\t\t\t<\/div>\n\t\t\t\t<\/div>\n\t\t\t\t\t<\/div>\n\t\t\t\t<\/div>\n\t\t<div class=\"elementor-element elementor-element-be05653 e-flex e-con-boxed e-con e-parent\" data-id=\"be05653\" data-element_type=\"container\" data-e-type=\"container\">\n\t\t\t\t\t<div class=\"e-con-inner\">\n\t\t<div class=\"elementor-element elementor-element-38cd0b1 e-con-full e-flex e-con e-child\" data-id=\"38cd0b1\" data-element_type=\"container\" data-e-type=\"container\">\n\t\t\t\t<div class=\"elementor-element elementor-element-eb2ae29 show-divider-yes title-pos-after elementor-widget elementor-widget-counter\" data-id=\"eb2ae29\" data-element_type=\"widget\" data-e-type=\"widget\" data-widget_type=\"counter.default\">\n\t\t\t\t\t\t\t<div class=\"elementor-counter\">\n\t\t\t<div class=\"elementor-counter-title\">Klient\u00eb t\u00eb k\u00ebnaqur<\/div>\t\t\t<div class=\"elementor-counter-number-wrapper\">\n\t\t\t\t<span class=\"elementor-counter-number-prefix\"><\/span>\n\t\t\t\t<span class=\"elementor-counter-number\" data-duration=\"2000\" data-to-value=\"100\" data-from-value=\"10\" data-delimiter=\",\">10<\/span>\n\t\t\t\t<span class=\"elementor-counter-number-suffix\">%<\/span>\n\t\t\t<\/div>\n\t\t<\/div>\n\t\t\t\t\t\t<\/div>\n\t\t\t\t<\/div>\n\t\t<div class=\"elementor-element elementor-element-42a6b78 e-con-full e-flex e-con e-child\" data-id=\"42a6b78\" data-element_type=\"container\" data-e-type=\"container\">\n\t\t\t\t<div class=\"elementor-element elementor-element-6488968 elementor-widget elementor-widget-heading\" data-id=\"6488968\" data-element_type=\"widget\" data-e-type=\"widget\" data-widget_type=\"heading.default\">\n\t\t\t\t\t<h3 class=\"elementor-heading-title elementor-size-default\">Klient\u00ebt q\u00eb na besuan p\u00ebr t\u00eb sjell\u00eb rezultate t\u00eb jasht\u00ebzakonshme.<\/h3>\t\t\t\t<\/div>\n\t\t\t\t<\/div>\n\t\t\t\t\t<\/div>\n\t\t\t\t<\/div>\n\t\t<div class=\"elementor-element elementor-element-1969614 e-flex e-con-boxed e-con e-parent\" data-id=\"1969614\" data-element_type=\"container\" data-e-type=\"container\" data-settings=\"{&quot;background_background&quot;:&quot;classic&quot;}\">\n\t\t\t\t\t<div class=\"e-con-inner\">\n\t\t\t\t<div class=\"elementor-element elementor-element-e60e3ee elementor-widget__width-inherit enable-effect-icon-yes elementor-widget elementor-widget-framek-brand\" data-id=\"e60e3ee\" data-element_type=\"widget\" data-e-type=\"widget\" data-widget_type=\"framek-brand.default\">\n\t\t\t\t<div class=\"elementor-widget-container\">\n\t\t\t\t\t        <div class=\"elementor-brands\">\n            <div class=\"elementor-brand-wrapper\">\n\n                <div class=\"d-grid\">\n                                            <div class=\"grid-item\">\n                            <div class=\"elementor-brand-item elementor-repeater-item-98a1a4d\">\n                                <div class=\"elementor-brand-image\">\n                                    <a href=\"#\"  title=\"Brand Name\">                                        <span class=\"elementor-animation-brand\">\n                                                                                    <\/span>\n                                        <\/a>                                <\/div>\n                            <\/div>\n\n                        <\/div>\n                                            <div class=\"grid-item\">\n                            <div class=\"elementor-brand-item elementor-repeater-item-6faf0f3\">\n                                <div class=\"elementor-brand-image\">\n                                    <a href=\"#\"  title=\"Brand Name\">                                        <span class=\"elementor-animation-brand\">\n                                                                                    <\/span>\n                                        <\/a>                                <\/div>\n                            <\/div>\n\n                        <\/div>\n                                            <div class=\"grid-item\">\n                            <div class=\"elementor-brand-item elementor-repeater-item-2fb677a\">\n                                <div class=\"elementor-brand-image\">\n                                    <a href=\"#\"  title=\"Brand Name\">                                        <span class=\"elementor-animation-brand\">\n                                                                                    <\/span>\n                                        <\/a>                                <\/div>\n                            <\/div>\n\n                        <\/div>\n                                            <div class=\"grid-item\">\n                            <div class=\"elementor-brand-item elementor-repeater-item-29eb99a\">\n                                <div class=\"elementor-brand-image\">\n                                    <a href=\"#\"  title=\"Brand Name\">                                        <span class=\"elementor-animation-brand\">\n                                                                                    <\/span>\n                                        <\/a>                                <\/div>\n                            <\/div>\n\n                        <\/div>\n                                            <div class=\"grid-item\">\n                            <div class=\"elementor-brand-item elementor-repeater-item-52b0cc2\">\n                                <div class=\"elementor-brand-image\">\n                                    <a href=\"#\"  title=\"Brand Name\">                                        <span class=\"elementor-animation-brand\">\n                                                                                    <\/span>\n                                        <\/a>                                <\/div>\n                            <\/div>\n\n                        <\/div>\n                                            <div class=\"grid-item\">\n                            <div class=\"elementor-brand-item elementor-repeater-item-15bdb28\">\n                                <div class=\"elementor-brand-image\">\n                                    <a href=\"#\"  title=\"Brand Name\">                                        <span class=\"elementor-animation-brand\">\n                                                                                    <\/span>\n                                        <\/a>                                <\/div>\n                            <\/div>\n\n                        <\/div>\n                                            <div class=\"grid-item\">\n                            <div class=\"elementor-brand-item elementor-repeater-item-d0e8ce9\">\n                                <div class=\"elementor-brand-image\">\n                                    <a href=\"#\"  title=\"Brand Name\"><\/a>                                <\/div>\n                            <\/div>\n\n                        <\/div>\n                                            <div class=\"grid-item\">\n                            <div class=\"elementor-brand-item elementor-repeater-item-76617a8\">\n                                <div class=\"elementor-brand-image\">\n                                    <a href=\"#\"  title=\"Brand Name\"><\/a>                                <\/div>\n                            <\/div>\n\n                        <\/div>\n                                            <div class=\"grid-item\">\n                            <div class=\"elementor-brand-item elementor-repeater-item-9ad8cba\">\n                                <div class=\"elementor-brand-image\">\n                                    <a href=\"#\"  title=\"Brand Name\"><\/a>                                <\/div>\n                            <\/div>\n\n                        <\/div>\n                                            <div class=\"grid-item\">\n                            <div class=\"elementor-brand-item elementor-repeater-item-9c82013\">\n                                <div class=\"elementor-brand-image\">\n                                    <a href=\"#\"  title=\"Brand Name\"><\/a>                                <\/div>\n                            <\/div>\n\n                        <\/div>\n                                    <\/div>\n            <\/div>\n        <\/div>\n        \t\t\t\t<\/div>\n\t\t\t\t<\/div>\n\t\t\t\t\t<\/div>\n\t\t\t\t<\/div>\n\t\t<div class=\"elementor-element elementor-element-e6c67c1 e-flex e-con-boxed e-con e-parent\" data-id=\"e6c67c1\" data-element_type=\"container\" data-e-type=\"container\">\n\t\t\t\t\t<div class=\"e-con-inner\">\n\t\t\t\t<div class=\"elementor-element elementor-element-63cfcfc elementor-widget elementor-widget-heading\" data-id=\"63cfcfc\" data-element_type=\"widget\" data-e-type=\"widget\" data-widget_type=\"heading.default\">\n\t\t\t\t\t<h1 class=\"elementor-heading-title elementor-size-default\">Projektet<\/h1>\t\t\t\t<\/div>\n\t\t\t\t<div class=\"elementor-element elementor-element-99517a3 elementor-widget__width-initial elementor-widget elementor-widget-text-editor\" data-id=\"99517a3\" data-element_type=\"widget\" data-e-type=\"widget\" data-widget_type=\"text-editor.default\">\n\t\t\t\t\t\t\t\t\t<p class=\"p1\">Shihni disa nga projektet tona t\u00eb realizuara me pasion dhe kreativitet.<\/p>\t\t\t\t\t\t\t\t<\/div>\n\t\t\t\t\t<\/div>\n\t\t\t\t<\/div>\n\t\t<div class=\"elementor-element elementor-element-c27b7b8 e-flex e-con-boxed e-con e-parent\" data-id=\"c27b7b8\" data-element_type=\"container\" data-e-type=\"container\">\n\t\t\t\t\t<div class=\"e-con-inner\">\n\t\t<div class=\"elementor-element elementor-element-7d44404 e-grid e-con-full e-con e-child\" data-id=\"7d44404\" data-element_type=\"container\" data-e-type=\"container\">\n\t\t<div class=\"elementor-element elementor-element-7cf6a98 e-con-full e-flex e-con e-child\" data-id=\"7cf6a98\" data-element_type=\"container\" data-e-type=\"container\">\n\t\t<div class=\"elementor-element elementor-element-0d369e1 e-con-full hover-trigger e-flex e-con e-child\" data-id=\"0d369e1\" data-element_type=\"container\" data-e-type=\"container\" data-settings=\"{&quot;background_background&quot;:&quot;classic&quot;}\">\n\t\t\t\t<div class=\"elementor-element elementor-element-f8a4f91 elementor-align-right elementor-button-type-default elementor-widget elementor-widget-framek-button\" data-id=\"f8a4f91\" data-element_type=\"widget\" data-e-type=\"widget\" data-widget_type=\"framek-button.default\">\n\t\t\t\t<div class=\"elementor-widget-container\">\n\t\t\t\t\t        <div class=\"elementor-button-wrapper\">\n            <a href=\"\/projects\/karcher-danfos\/\" class=\"elementor-button-link elementor-button elementor-size-sm\" role=\"button\">\n                        <span class=\"elementor-button-content-wrapper\">\n\n            <span class=\"elementor-button-text\" data-name=\"Case study\">\n                <span>Case study<\/span>\n            <\/span>\n\t\t<\/span>\n                            <\/a>\n        <\/div>\n        \t\t\t\t<\/div>\n\t\t\t\t<\/div>\n\t\t\t\t<\/div>\n\t\t<div class=\"elementor-element elementor-element-ba05fc9 e-con-full e-flex e-con e-child\" data-id=\"ba05fc9\" data-element_type=\"container\" data-e-type=\"container\">\n\t\t\t\t<div class=\"elementor-element elementor-element-0a64b09 elementor-widget elementor-widget-heading\" data-id=\"0a64b09\" data-element_type=\"widget\" data-e-type=\"widget\" data-widget_type=\"heading.default\">\n\t\t\t\t\t<h3 class=\"elementor-heading-title elementor-size-default\">K\u00e4rcher<\/h3>\t\t\t\t<\/div>\n\t\t\t\t<\/div>\n\t\t\t\t<\/div>\n\t\t<div class=\"elementor-element elementor-element-b102f80 e-con-full e-flex e-con e-child\" data-id=\"b102f80\" data-element_type=\"container\" data-e-type=\"container\">\n\t\t<div class=\"elementor-element elementor-element-1397315 e-con-full hover-trigger e-flex e-con e-child\" data-id=\"1397315\" data-element_type=\"container\" data-e-type=\"container\" data-settings=\"{&quot;background_background&quot;:&quot;classic&quot;}\">\n\t\t\t\t<div class=\"elementor-element elementor-element-294db11 elementor-align-right elementor-button-type-default elementor-widget elementor-widget-framek-button\" data-id=\"294db11\" data-element_type=\"widget\" data-e-type=\"widget\" data-widget_type=\"framek-button.default\">\n\t\t\t\t<div class=\"elementor-widget-container\">\n\t\t\t\t\t        <div class=\"elementor-button-wrapper\">\n            <a href=\"\/projects\/bwt-water\/\" class=\"elementor-button-link elementor-button elementor-size-sm\" role=\"button\">\n                        <span class=\"elementor-button-content-wrapper\">\n\n            <span class=\"elementor-button-text\" data-name=\"Case study\">\n                <span>Case study<\/span>\n            <\/span>\n\t\t<\/span>\n                            <\/a>\n        <\/div>\n        \t\t\t\t<\/div>\n\t\t\t\t<\/div>\n\t\t\t\t<\/div>\n\t\t<div class=\"elementor-element elementor-element-3956ee0 e-con-full e-flex e-con e-child\" data-id=\"3956ee0\" data-element_type=\"container\" data-e-type=\"container\">\n\t\t\t\t<div class=\"elementor-element elementor-element-0564d42 elementor-widget elementor-widget-heading\" data-id=\"0564d42\" data-element_type=\"widget\" data-e-type=\"widget\" data-widget_type=\"heading.default\">\n\t\t\t\t\t<h3 class=\"elementor-heading-title elementor-size-default\">BWT Water<\/h3>\t\t\t\t<\/div>\n\t\t\t\t<\/div>\n\t\t\t\t<\/div>\n\t\t<div class=\"elementor-element elementor-element-de2d03c e-con-full e-flex e-con e-child\" data-id=\"de2d03c\" data-element_type=\"container\" data-e-type=\"container\">\n\t\t<div class=\"elementor-element elementor-element-0f3aa1a e-con-full hover-trigger e-flex e-con e-child\" data-id=\"0f3aa1a\" data-element_type=\"container\" data-e-type=\"container\" data-settings=\"{&quot;background_background&quot;:&quot;classic&quot;}\">\n\t\t\t\t<div class=\"elementor-element elementor-element-35e5dbc elementor-align-right elementor-button-type-default elementor-widget elementor-widget-framek-button\" data-id=\"35e5dbc\" data-element_type=\"widget\" data-e-type=\"widget\" data-widget_type=\"framek-button.default\">\n\t\t\t\t<div class=\"elementor-widget-container\">\n\t\t\t\t\t        <div class=\"elementor-button-wrapper\">\n            <a href=\"\/projects\/jura\/\" class=\"elementor-button-link elementor-button elementor-size-sm\" role=\"button\">\n                        <span class=\"elementor-button-content-wrapper\">\n\n            <span class=\"elementor-button-text\" data-name=\"Case study\">\n                <span>Case study<\/span>\n            <\/span>\n\t\t<\/span>\n                            <\/a>\n        <\/div>\n        \t\t\t\t<\/div>\n\t\t\t\t<\/div>\n\t\t\t\t<\/div>\n\t\t<div class=\"elementor-element elementor-element-028a567 e-con-full e-flex e-con e-child\" data-id=\"028a567\" data-element_type=\"container\" data-e-type=\"container\">\n\t\t\t\t<div class=\"elementor-element elementor-element-bcb63f1 elementor-widget elementor-widget-heading\" data-id=\"bcb63f1\" data-element_type=\"widget\" data-e-type=\"widget\" data-widget_type=\"heading.default\">\n\t\t\t\t\t<h3 class=\"elementor-heading-title elementor-size-default\">JURA<\/h3>\t\t\t\t<\/div>\n\t\t\t\t<\/div>\n\t\t\t\t<\/div>\n\t\t<div class=\"elementor-element elementor-element-94d97c5 e-con-full e-flex e-con e-child\" data-id=\"94d97c5\" data-element_type=\"container\" data-e-type=\"container\">\n\t\t<div class=\"elementor-element elementor-element-d4ff0ff e-con-full hover-trigger e-flex e-con e-child\" data-id=\"d4ff0ff\" data-element_type=\"container\" data-e-type=\"container\" data-settings=\"{&quot;background_background&quot;:&quot;classic&quot;}\">\n\t\t\t\t<div class=\"elementor-element elementor-element-705ec26 elementor-align-right elementor-button-type-default elementor-widget elementor-widget-framek-button\" data-id=\"705ec26\" data-element_type=\"widget\" data-e-type=\"widget\" data-widget_type=\"framek-button.default\">\n\t\t\t\t<div class=\"elementor-widget-container\">\n\t\t\t\t\t        <div class=\"elementor-button-wrapper\">\n            <a href=\"\/projects\/wmf\/\" class=\"elementor-button-link elementor-button elementor-size-sm\" role=\"button\">\n                        <span class=\"elementor-button-content-wrapper\">\n\n            <span class=\"elementor-button-text\" data-name=\"Case study\">\n                <span>Case study<\/span>\n            <\/span>\n\t\t<\/span>\n                            <\/a>\n        <\/div>\n        \t\t\t\t<\/div>\n\t\t\t\t<\/div>\n\t\t\t\t<\/div>\n\t\t<div class=\"elementor-element elementor-element-68f7bb9 e-con-full e-flex e-con e-child\" data-id=\"68f7bb9\" data-element_type=\"container\" data-e-type=\"container\">\n\t\t\t\t<div class=\"elementor-element elementor-element-72d11ad elementor-widget elementor-widget-heading\" data-id=\"72d11ad\" data-element_type=\"widget\" data-e-type=\"widget\" data-widget_type=\"heading.default\">\n\t\t\t\t\t<h3 class=\"elementor-heading-title elementor-size-default\">WMF<\/h3>\t\t\t\t<\/div>\n\t\t\t\t<\/div>\n\t\t\t\t<\/div>\n\t\t<div class=\"elementor-element elementor-element-76af54d e-con-full e-flex e-con e-child\" data-id=\"76af54d\" data-element_type=\"container\" data-e-type=\"container\">\n\t\t<div class=\"elementor-element elementor-element-4fc67a9 e-con-full hover-trigger e-flex e-con e-child\" data-id=\"4fc67a9\" data-element_type=\"container\" data-e-type=\"container\" data-settings=\"{&quot;background_background&quot;:&quot;classic&quot;}\">\n\t\t\t\t<div class=\"elementor-element elementor-element-d4ac89d elementor-align-right elementor-button-type-default elementor-widget elementor-widget-framek-button\" data-id=\"d4ac89d\" data-element_type=\"widget\" data-e-type=\"widget\" data-widget_type=\"framek-button.default\">\n\t\t\t\t<div class=\"elementor-widget-container\">\n\t\t\t\t\t        <div class=\"elementor-button-wrapper\">\n            <a href=\"\/projects\/jm-pharma\/\" class=\"elementor-button-link elementor-button elementor-size-sm\" role=\"button\">\n                        <span class=\"elementor-button-content-wrapper\">\n\n            <span class=\"elementor-button-text\" data-name=\"Case study\">\n                <span>Case study<\/span>\n            <\/span>\n\t\t<\/span>\n                            <\/a>\n        <\/div>\n        \t\t\t\t<\/div>\n\t\t\t\t<\/div>\n\t\t\t\t<\/div>\n\t\t<div class=\"elementor-element elementor-element-3431115 e-con-full e-flex e-con e-child\" data-id=\"3431115\" data-element_type=\"container\" data-e-type=\"container\">\n\t\t\t\t<div class=\"elementor-element elementor-element-1ec96ff elementor-widget elementor-widget-heading\" data-id=\"1ec96ff\" data-element_type=\"widget\" data-e-type=\"widget\" data-widget_type=\"heading.default\">\n\t\t\t\t\t<h3 class=\"elementor-heading-title elementor-size-default\">JM Pharma<\/h3>\t\t\t\t<\/div>\n\t\t\t\t<\/div>\n\t\t\t\t<\/div>\n\t\t\t\t<\/div>\n\t\t\t\t\t<\/div>\n\t\t\t\t<\/div>\n\t\t\t\t<\/div>\n\t\t","protected":false},"excerpt":{"rendered":"<p>Home &gt; Blog Projektet Klient\u00eb t\u00eb k\u00ebnaqur 10 % Klient\u00ebt q\u00eb na besuan p\u00ebr t\u00eb sjell\u00eb rezultate t\u00eb jasht\u00ebzakonshme. Projektet Shihni disa nga projektet tona t\u00eb realizuara me pasion dhe kreativitet. Case study K\u00e4rcher Case study BWT Water Case study JURA Case study WMF Case study JM Pharma<\/p>","protected":false},"author":1,"featured_media":0,"parent":0,"menu_order":0,"comment_status":"closed","ping_status":"closed","template":"template-homepage.php","meta":{"footnotes":""},"class_list":["post-1690","page","type-page","status-publish","hentry"],"_links":{"self":[{"href":"https:\/\/chili-house.com\/en\/wp-json\/wp\/v2\/pages\/1690","targetHints":{"allow":["GET"]}}],"collection":[{"href":"https:\/\/chili-house.com\/en\/wp-json\/wp\/v2\/pages"}],"about":[{"href":"https:\/\/chili-house.com\/en\/wp-json\/wp\/v2\/types\/page"}],"author":[{"embeddable":true,"href":"https:\/\/chili-house.com\/en\/wp-json\/wp\/v2\/users\/1"}],"replies":[{"embeddable":true,"href":"https:\/\/chili-house.com\/en\/wp-json\/wp\/v2\/comments?post=1690"}],"version-history":[{"count":12,"href":"https:\/\/chili-house.com\/en\/wp-json\/wp\/v2\/pages\/1690\/revisions"}],"predecessor-version":[{"id":6182,"href":"https:\/\/chili-house.com\/en\/wp-json\/wp\/v2\/pages\/1690\/revisions\/6182"}],"wp:attachment":[{"href":"https:\/\/chili-house.com\/en\/wp-json\/wp\/v2\/media?parent=1690"}],"curies":[{"name":"wp","href":"https:\/\/api.w.org\/{rel}","templated":true}]}}